{"id":312,"date":"2024-07-21T10:09:47","date_gmt":"2024-07-21T08:09:47","guid":{"rendered":"https:\/\/wordpress2422751.home.pl\/autoinstalator\/wordpressplus12\/?page_id=312"},"modified":"2025-07-14T21:04:25","modified_gmt":"2025-07-14T19:04:25","slug":"zglos-nieobecnosc","status":"publish","type":"page","link":"https:\/\/sptargowek.pl\/index.php\/zglos-nieobecnosc\/","title":{"rendered":"Zg\u0142o\u015b nieobecno\u015b\u0107"},"content":{"rendered":"\t\t<div data-elementor-type=\"wp-page\" data-elementor-id=\"312\" class=\"elementor elementor-312\" data-elementor-post-type=\"page\">\n\t\t\t\t<div class=\"elementor-element elementor-element-7aec0bc e-flex e-con-boxed e-con e-parent\" data-id=\"7aec0bc\" data-element_type=\"container\" data-settings=\"{&quot;background_background&quot;:&quot;classic&quot;,&quot;shape_divider_bottom&quot;:&quot;opacity-fan&quot;}\">\n\t\t\t\t\t<div class=\"e-con-inner\">\n\t\t\t\t<div class=\"elementor-shape elementor-shape-bottom\" aria-hidden=\"true\" data-negative=\"false\">\n\t\t\t<svg xmlns=\"http:\/\/www.w3.org\/2000\/svg\" viewBox=\"0 0 283.5 19.6\" preserveAspectRatio=\"none\">\n\t<path class=\"elementor-shape-fill\" style=\"opacity:0.33\" d=\"M0 0L0 18.8 141.8 4.1 283.5 18.8 283.5 0z\"\/>\n\t<path class=\"elementor-shape-fill\" style=\"opacity:0.33\" d=\"M0 0L0 12.6 141.8 4 283.5 12.6 283.5 0z\"\/>\n\t<path class=\"elementor-shape-fill\" style=\"opacity:0.33\" d=\"M0 0L0 6.4 141.8 4 283.5 6.4 283.5 0z\"\/>\n\t<path class=\"elementor-shape-fill\" d=\"M0 0L0 1.2 141.8 4 283.5 1.2 283.5 0z\"\/>\n<\/svg>\t\t<\/div>\n\t\t\t\t<div class=\"elementor-element elementor-element-2b84457 elementor-widget elementor-widget-heading\" data-id=\"2b84457\" data-element_type=\"widget\" data-widget_type=\"heading.default\">\n\t\t\t\t<div class=\"elementor-widget-container\">\n\t\t\t\t\t<h1 class=\"elementor-heading-title elementor-size-default\">Zg\u0142o\u015b nieobecnos\u0107<\/h1>\t\t\t\t<\/div>\n\t\t\t\t<\/div>\n\t\t\t\t\t<\/div>\n\t\t\t\t<\/div>\n\t\t<div class=\"elementor-element elementor-element-b4c1d94 e-flex e-con-boxed e-con e-parent\" data-id=\"b4c1d94\" data-element_type=\"container\">\n\t\t\t\t\t<div class=\"e-con-inner\">\n\t\t<div class=\"elementor-element elementor-element-8b71d13 e-con-full e-flex e-con e-child\" data-id=\"8b71d13\" data-element_type=\"container\">\n\t\t<div class=\"elementor-element elementor-element-1ae575b e-con-full e-flex e-con e-child\" data-id=\"1ae575b\" data-element_type=\"container\">\n\t\t\t\t<div class=\"elementor-element elementor-element-537771e elementor-widget elementor-widget-text-editor\" data-id=\"537771e\" data-element_type=\"widget\" data-widget_type=\"text-editor.default\">\n\t\t\t\t<div class=\"elementor-widget-container\">\n\t\t\t\t\t\t\t\t\t<p>Je\u015bli Twoje dziecko nie b\u0119dzie mog\u0142o uczestniczy\u0107 w najbli\u017cszym treningu, prosimy o wype\u0142nienie poni\u017cszego formularza. Dzi\u0119ki temu trenerzy b\u0119d\u0105 mogli odpowiednio dostosowa\u0107 plan zaj\u0119\u0107.<\/p><p>Wype\u0142nij formularz, podaj\u0105c imi\u0119 i nazwisko dziecka, dat\u0119 nieobecno\u015bci oraz ewentualne dodatkowe informacje. Dzi\u0119kujemy za wsp\u00f3\u0142prac\u0119!<\/p>\t\t\t\t\t\t\t\t<\/div>\n\t\t\t\t<\/div>\n\t\t\t\t<div class=\"elementor-element elementor-element-7f1d5ec elementor-widget elementor-widget-image\" data-id=\"7f1d5ec\" data-element_type=\"widget\" data-widget_type=\"image.default\">\n\t\t\t\t<div class=\"elementor-widget-container\">\n\t\t\t\t\t\t\t\t\t\t\t\t\t\t\t<img fetchpriority=\"high\" decoding=\"async\" width=\"684\" height=\"1024\" src=\"https:\/\/sptargowek.pl\/wp-content\/uploads\/2024\/07\/football-trainer-teaching-his-pupils-1-684x1024.jpg\" class=\"attachment-large size-large wp-image-322\" alt=\"\" srcset=\"https:\/\/sptargowek.pl\/wp-content\/uploads\/2024\/07\/football-trainer-teaching-his-pupils-1-684x1024.jpg 684w, https:\/\/sptargowek.pl\/wp-content\/uploads\/2024\/07\/football-trainer-teaching-his-pupils-1-200x300.jpg 200w, https:\/\/sptargowek.pl\/wp-content\/uploads\/2024\/07\/football-trainer-teaching-his-pupils-1-768x1150.jpg 768w, https:\/\/sptargowek.pl\/wp-content\/uploads\/2024\/07\/football-trainer-teaching-his-pupils-1-1025x1536.jpg 1025w, https:\/\/sptargowek.pl\/wp-content\/uploads\/2024\/07\/football-trainer-teaching-his-pupils-1-1367x2048.jpg 1367w, https:\/\/sptargowek.pl\/wp-content\/uploads\/2024\/07\/football-trainer-teaching-his-pupils-1-scaled.jpg 1709w\" sizes=\"(max-width: 684px) 100vw, 684px\" \/>\t\t\t\t\t\t\t\t\t\t\t\t\t\t\t<\/div>\n\t\t\t\t<\/div>\n\t\t\t\t<\/div>\n\t\t\t\t<\/div>\n\t\t<div class=\"elementor-element elementor-element-06dc6e7 e-con-full e-flex e-con e-child\" data-id=\"06dc6e7\" data-element_type=\"container\">\n\t\t\t\t<div class=\"elementor-element elementor-element-d5daf0d elementor-widget elementor-widget-shortcode\" data-id=\"d5daf0d\" data-element_type=\"widget\" data-widget_type=\"shortcode.default\">\n\t\t\t\t<div class=\"elementor-widget-container\">\n\t\t\t\t\t\t\t<div class=\"elementor-shortcode\">\n<div class=\"wpcf7 no-js\" id=\"wpcf7-f311-o1\" lang=\"pl-PL\" dir=\"ltr\" data-wpcf7-id=\"311\">\n<div class=\"screen-reader-response\"><p role=\"status\" aria-live=\"polite\" aria-atomic=\"true\"><\/p> <ul><\/ul><\/div>\n<form action=\"\/index.php\/wp-json\/wp\/v2\/pages\/312#wpcf7-f311-o1\" method=\"post\" class=\"wpcf7-form init\" aria-label=\"Formularz kontaktowy\" novalidate=\"novalidate\" data-status=\"init\">\n<fieldset class=\"hidden-fields-container\"><input type=\"hidden\" name=\"_wpcf7\" value=\"311\" \/><input type=\"hidden\" name=\"_wpcf7_version\" value=\"6.1.2\" \/><input type=\"hidden\" name=\"_wpcf7_locale\" value=\"pl_PL\" \/><input type=\"hidden\" name=\"_wpcf7_unit_tag\" value=\"wpcf7-f311-o1\" \/><input type=\"hidden\" name=\"_wpcf7_container_post\" value=\"0\" \/><input type=\"hidden\" name=\"_wpcf7_posted_data_hash\" value=\"\" \/>\n<\/fieldset>\n<p><label class=\"input-absence\">Twoje imi\u0119 i nazwisko dziecka<br \/>\n<span class=\"wpcf7-form-control-wrap\" data-name=\"your-name\"><input size=\"50\" maxlength=\"400\" class=\"wpcf7-form-control wpcf7-text wpcf7-validates-as-required\" autocomplete=\"name\" aria-required=\"true\" aria-invalid=\"false\" value=\"\" type=\"text\" name=\"your-name\" \/><\/span> <\/label>\n<\/p>\n<p><label class=\"input-absence\"> Tw\u00f3j adres e-mail<br \/>\n<span class=\"wpcf7-form-control-wrap\" data-name=\"your-email\"><input size=\"50\" maxlength=\"400\" class=\"wpcf7-form-control wpcf7-email wpcf7-validates-as-required wpcf7-text wpcf7-validates-as-email\" autocomplete=\"email\" aria-required=\"true\" aria-invalid=\"false\" value=\"\" type=\"email\" name=\"your-email\" \/><\/span> <\/label>\n<\/p>\n<p><label class=\"input-absence\"> wybierz dru\u017cyn\u0119 <span class=\"wpcf7-form-control-wrap\" data-name=\"menu-767\"><select class=\"wpcf7-form-control wpcf7-select wpcf7-validates-as-required\" aria-required=\"true\" aria-invalid=\"false\" name=\"menu-767\"><option value=\"\">&#8212;Prosz\u0119 wybra\u0107 opcj\u0119&#8212;<\/option><option value=\"2009\/2010\">2009\/2010<\/option><option value=\"2011\/2012\">2011\/2012<\/option><option value=\"2014\/2015\">2014\/2015<\/option><option value=\"2016\">2016<\/option><option value=\"2017\">2017<\/option><option value=\"2018\">2018<\/option><\/select><\/span><br \/>\n<\/label>\n<\/p>\n<p><label class=\"input-absence\">Data nieobecno\u015bci<br \/>\n<span class=\"wpcf7-form-control-wrap\" data-name=\"data-nieobecnoci\"><input class=\"wpcf7-form-control wpcf7-date wpcf7-validates-as-required wpcf7-validates-as-date\" aria-required=\"true\" aria-invalid=\"false\" value=\"\" type=\"date\" name=\"data-nieobecnoci\" \/><\/span><\/label>\n<\/p>\n<p><label class=\"input-absence\"> dodatkowy pow\u00f3d (opcjonalne)<br \/>\n<span class=\"wpcf7-form-control-wrap\" data-name=\"your-message\"><textarea cols=\"50\" rows=\"10\" maxlength=\"2000\" class=\"wpcf7-form-control wpcf7-textarea\" aria-invalid=\"false\" name=\"your-message\"><\/textarea><\/span> <\/label>\n<\/p>\n<p><input class=\"wpcf7-form-control wpcf7-submit has-spinner\" type=\"submit\" value=\"zg\u0142o\u015b\" \/>\n<\/p><div class=\"wpcf7-response-output\" aria-hidden=\"true\"><\/div>\n<\/form>\n<\/div>\n<\/div>\n\t\t\t\t\t\t<\/div>\n\t\t\t\t<\/div>\n\t\t\t\t<\/div>\n\t\t\t\t\t<\/div>\n\t\t\t\t<\/div>\n\t\t\t\t<\/div>\n\t\t","protected":false},"excerpt":{"rendered":"<p>Zg\u0142o\u015b nieobecnos\u0107 Je\u015bli Twoje dziecko nie b\u0119dzie mog\u0142o uczestniczy\u0107 w najbli\u017cszym treningu, prosimy o wype\u0142nienie poni\u017cszego formularza. Dzi\u0119ki temu trenerzy b\u0119d\u0105 mogli odpowiednio dostosowa\u0107 plan zaj\u0119\u0107. Wype\u0142nij formularz, podaj\u0105c imi\u0119 i nazwisko dziecka, dat\u0119 nieobecno\u015bci oraz ewentualne dodatkowe informacje. Dzi\u0119kujemy za wsp\u00f3\u0142prac\u0119!<\/p>\n","protected":false},"author":1,"featured_media":0,"parent":0,"menu_order":0,"comment_status":"closed","ping_status":"closed","template":"","meta":{"footnotes":""},"class_list":["post-312","page","type-page","status-publish","hentry"],"rttpg_featured_image_url":null,"rttpg_author":{"display_name":"Mateusz","author_link":"https:\/\/sptargowek.pl\/author\/admin\/"},"rttpg_comment":0,"rttpg_category":null,"rttpg_excerpt":"Zg\u0142o\u015b nieobecnos\u0107 Je\u015bli Twoje dziecko nie b\u0119dzie mog\u0142o uczestniczy\u0107 w najbli\u017cszym treningu, prosimy o wype\u0142nienie poni\u017cszego formularza. Dzi\u0119ki temu trenerzy b\u0119d\u0105 mogli odpowiednio dostosowa\u0107 plan zaj\u0119\u0107. Wype\u0142nij formularz, podaj\u0105c imi\u0119 i nazwisko dziecka, dat\u0119 nieobecno\u015bci oraz ewentualne dodatkowe informacje. Dzi\u0119kujemy za wsp\u00f3\u0142prac\u0119!","_links":{"self":[{"href":"https:\/\/sptargowek.pl\/index.php\/wp-json\/wp\/v2\/pages\/312","targetHints":{"allow":["GET"]}}],"collection":[{"href":"https:\/\/sptargowek.pl\/index.php\/wp-json\/wp\/v2\/pages"}],"about":[{"href":"https:\/\/sptargowek.pl\/index.php\/wp-json\/wp\/v2\/types\/page"}],"author":[{"embeddable":true,"href":"https:\/\/sptargowek.pl\/index.php\/wp-json\/wp\/v2\/users\/1"}],"replies":[{"embeddable":true,"href":"https:\/\/sptargowek.pl\/index.php\/wp-json\/wp\/v2\/comments?post=312"}],"version-history":[{"count":17,"href":"https:\/\/sptargowek.pl\/index.php\/wp-json\/wp\/v2\/pages\/312\/revisions"}],"predecessor-version":[{"id":1325,"href":"https:\/\/sptargowek.pl\/index.php\/wp-json\/wp\/v2\/pages\/312\/revisions\/1325"}],"wp:attachment":[{"href":"https:\/\/sptargowek.pl\/index.php\/wp-json\/wp\/v2\/media?parent=312"}],"curies":[{"name":"wp","href":"https:\/\/api.w.org\/{rel}","templated":true}]}}