{"id":195,"date":"2024-07-20T16:22:50","date_gmt":"2024-07-20T14:22:50","guid":{"rendered":"https:\/\/wordpress2422751.home.pl\/autoinstalator\/wordpressplus12\/?page_id=195"},"modified":"2025-09-02T14:27:27","modified_gmt":"2025-09-02T12:27:27","slug":"2018-2","status":"publish","type":"page","link":"https:\/\/sptargowek.pl\/index.php\/2018-2\/","title":{"rendered":"2018"},"content":{"rendered":"\t\t<div data-elementor-type=\"wp-page\" data-elementor-id=\"195\" class=\"elementor elementor-195\" data-elementor-post-type=\"page\">\n\t\t\t\t<div class=\"elementor-element elementor-element-3c489c2 e-flex e-con-boxed e-con e-parent\" data-id=\"3c489c2\" data-element_type=\"container\" data-settings=\"{&quot;background_background&quot;:&quot;classic&quot;}\">\n\t\t\t\t\t<div class=\"e-con-inner\">\n\t\t\t\t<div class=\"elementor-element elementor-element-bbde860 elementor-widget elementor-widget-heading\" data-id=\"bbde860\" data-element_type=\"widget\" data-widget_type=\"heading.default\">\n\t\t\t\t<div class=\"elementor-widget-container\">\n\t\t\t\t\t<h1 class=\"elementor-heading-title elementor-size-default\">Rocznik 2018<\/h1>\t\t\t\t<\/div>\n\t\t\t\t<\/div>\n\t\t\t\t\t<\/div>\n\t\t\t\t<\/div>\n\t\t<div class=\"elementor-element elementor-element-6658ee0 e-flex e-con-boxed e-con e-parent\" data-id=\"6658ee0\" data-element_type=\"container\">\n\t\t\t\t\t<div class=\"e-con-inner\">\n\t\t<div class=\"elementor-element elementor-element-3f41710 e-con-full e-flex e-con e-child\" data-id=\"3f41710\" data-element_type=\"container\">\n\t\t\t\t<div class=\"elementor-element elementor-element-3bd526c elementor-widget elementor-widget-text-editor\" data-id=\"3bd526c\" data-element_type=\"widget\" data-widget_type=\"text-editor.default\">\n\t\t\t\t<div class=\"elementor-widget-container\">\n\t\t\t\t\t\t\t\t\t<h4>Rocznik 2018 to dru\u017cyna pe\u0142na energii i dzieci\u0119cego entuzjazmu, kt\u00f3ra z ka\u017cdym treningiem coraz pewniej porusza si\u0119 po boisku.<\/h4><p data-start=\"250\" data-end=\"560\">Siedmioletni zawodnicy maj\u0105 ju\u017c za sob\u0105 pierwsze pi\u0142karskie kroki i z rado\u015bci\u0105 rozwijaj\u0105 swoje umiej\u0119tno\u015bci pod czujnym okiem trenera <strong data-start=\"384\" data-end=\"404\">Tomasza Szygendy<\/strong>. Zaj\u0119cia prowadzone s\u0105 w atmosferze zabawy i wsparcia, co pozwala dzieciom budowa\u0107 solidne podstawy techniczne oraz czerpa\u0107 rado\u015b\u0107 ze wsp\u00f3lnego trenowania.<\/p><p data-start=\"562\" data-end=\"734\"><strong data-start=\"562\" data-end=\"607\">Treningi odbywaj\u0105 si\u0119 dwa razy w tygodniu<\/strong> przy ul. <strong data-start=\"617\" data-end=\"643\">Go\u015bcieradowskiej 18\/20<\/strong>, zapewniaj\u0105c systematyczny rozw\u00f3j i kontakt z pi\u0142k\u0105 na ka\u017cdym etapie pi\u0142karskiej przygody.<\/p><p><strong> Spotykamy si\u0119 w nast\u0119puj\u0105ce dni:<\/strong><\/p><ul><li data-start=\"774\" data-end=\"805\"><p data-start=\"776\" data-end=\"805\"><strong data-start=\"776\" data-end=\"803\">Wtorek <\/strong>o godzinie<strong data-start=\"776\" data-end=\"803\"> 17:00 &#8211; 18:00<\/strong><\/p><\/li><li data-start=\"806\" data-end=\"837\"><p data-start=\"808\" data-end=\"837\"><strong data-start=\"808\" data-end=\"837\">Czwartek <\/strong>o godzinie<strong data-start=\"808\" data-end=\"837\"> 17:00 &#8211; 18:00<\/strong><\/p><\/li><\/ul><p data-start=\"839\" data-end=\"1121\">Ka\u017cde zaj\u0119cia to czas intensywnej nauki poprzez zabaw\u0119, podczas kt\u00f3rych m\u0142odzi zawodnicy ucz\u0105 si\u0119 wsp\u00f3\u0142pracy, podstaw taktyki oraz pracy z pi\u0142k\u0105. Trener Tomasz Szygenda, dzi\u0119ki swojemu do\u015bwiadczeniu i zaanga\u017cowaniu, z sukcesem prowadzi dzieci przez kolejne etapy sportowego rozwoju.<\/p><p data-start=\"1123\" data-end=\"1376\" data-is-last-node=\"\" data-is-only-node=\"\">Z dum\u0105 obserwujemy, jak dru\u017cyna rocznika 2018 ro\u015bnie w si\u0142\u0119 \u2013 nie tylko pod wzgl\u0119dem umiej\u0119tno\u015bci, ale te\u017c jako zgrany zesp\u00f3\u0142. W <strong data-start=\"1252\" data-end=\"1268\">WSP Targ\u00f3wek<\/strong> stawiamy na pozytywn\u0105 atmosfer\u0119, rozw\u00f3j i rado\u015b\u0107 z gry \u2013 warto\u015bci, kt\u00f3re towarzysz\u0105 nam na ka\u017cdym treningu.<\/p>\t\t\t\t\t\t\t\t<\/div>\n\t\t\t\t<\/div>\n\t\t\t\t<\/div>\n\t\t<div class=\"elementor-element elementor-element-21ea744 e-con-full e-flex e-con e-child\" data-id=\"21ea744\" data-element_type=\"container\">\n\t\t\t\t<div class=\"elementor-element elementor-element-c7b583b elementor-widget elementor-widget-image\" data-id=\"c7b583b\" data-element_type=\"widget\" data-widget_type=\"image.default\">\n\t\t\t\t<div class=\"elementor-widget-container\">\n\t\t\t\t\t\t\t\t\t\t\t\t\t\t\t<img fetchpriority=\"high\" decoding=\"async\" width=\"683\" height=\"1024\" src=\"https:\/\/sptargowek.pl\/wp-content\/uploads\/2024\/07\/full-shot-man-playing-with-ball-683x1024.png\" class=\"attachment-large size-large wp-image-262\" alt=\"\" srcset=\"https:\/\/sptargowek.pl\/wp-content\/uploads\/2024\/07\/full-shot-man-playing-with-ball-683x1024.png 683w, https:\/\/sptargowek.pl\/wp-content\/uploads\/2024\/07\/full-shot-man-playing-with-ball-200x300.png 200w, https:\/\/sptargowek.pl\/wp-content\/uploads\/2024\/07\/full-shot-man-playing-with-ball-768x1151.png 768w, https:\/\/sptargowek.pl\/wp-content\/uploads\/2024\/07\/full-shot-man-playing-with-ball-1025x1536.png 1025w\" sizes=\"(max-width: 683px) 100vw, 683px\" \/>\t\t\t\t\t\t\t\t\t\t\t\t\t\t\t<\/div>\n\t\t\t\t<\/div>\n\t\t<div class=\"elementor-element elementor-element-a7af328 e-con-full e-flex e-con e-child\" data-id=\"a7af328\" data-element_type=\"container\">\n\t\t\t\t<div class=\"elementor-element elementor-element-6a388a1 elementor-headline--style-highlight elementor-widget elementor-widget-animated-headline\" data-id=\"6a388a1\" data-element_type=\"widget\" data-settings=\"{&quot;marker&quot;:&quot;underline&quot;,&quot;highlighted_text&quot;:&quot;Tomasz Szygenda&quot;,&quot;headline_style&quot;:&quot;highlight&quot;,&quot;loop&quot;:&quot;yes&quot;,&quot;highlight_animation_duration&quot;:1200,&quot;highlight_iteration_delay&quot;:8000}\" data-widget_type=\"animated-headline.default\">\n\t\t\t\t<div class=\"elementor-widget-container\">\n\t\t\t\t\t\t\t<h3 class=\"elementor-headline\">\n\t\t\t\t\t<span class=\"elementor-headline-plain-text elementor-headline-text-wrapper\">Trener:<\/span>\n\t\t\t\t<span class=\"elementor-headline-dynamic-wrapper elementor-headline-text-wrapper\">\n\t\t\t\t\t<span class=\"elementor-headline-dynamic-text elementor-headline-text-active\">Tomasz Szygenda<\/span>\n\t\t\t\t<\/span>\n\t\t\t\t<\/h3>\n\t\t\t\t\t\t<\/div>\n\t\t\t\t<\/div>\n\t\t\t\t<\/div>\n\t\t\t\t<\/div>\n\t\t\t\t\t<\/div>\n\t\t\t\t<\/div>\n\t\t<div class=\"elementor-element elementor-element-155a74b e-flex e-con-boxed e-con e-parent\" data-id=\"155a74b\" data-element_type=\"container\">\n\t\t\t\t\t<div class=\"e-con-inner\">\n\t\t\t\t<div class=\"elementor-element elementor-element-db1d51d elementor-widget elementor-widget-heading\" data-id=\"db1d51d\" data-element_type=\"widget\" data-widget_type=\"heading.default\">\n\t\t\t\t<div class=\"elementor-widget-container\">\n\t\t\t\t\t<h2 class=\"elementor-heading-title elementor-size-default\">Terminy Trening\u00f3w<\/h2>\t\t\t\t<\/div>\n\t\t\t\t<\/div>\n\t\t\t\t\t<\/div>\n\t\t\t\t<\/div>\n\t\t<div class=\"elementor-element elementor-element-5b12ec34 e-flex e-con-boxed e-con e-parent\" data-id=\"5b12ec34\" data-element_type=\"container\">\n\t\t\t\t\t<div class=\"e-con-inner\">\n\t\t<div class=\"elementor-element elementor-element-4a5d1f2c e-con-full e-flex e-con e-child\" data-id=\"4a5d1f2c\" data-element_type=\"container\">\n\t\t<div class=\"elementor-element elementor-element-be634dc e-con-full e-flex e-con e-child\" data-id=\"be634dc\" data-element_type=\"container\" data-settings=\"{&quot;background_background&quot;:&quot;classic&quot;,&quot;shape_divider_bottom&quot;:&quot;zigzag&quot;}\">\n\t\t\t\t<div class=\"elementor-shape elementor-shape-bottom\" aria-hidden=\"true\" data-negative=\"false\">\n\t\t\t<svg xmlns=\"http:\/\/www.w3.org\/2000\/svg\" viewBox=\"0 0 1800 5.8\" preserveAspectRatio=\"none\">\n  <path class=\"elementor-shape-fill\" d=\"M5.4.4l5.4 5.3L16.5.4l5.4 5.3L27.5.4 33 5.7 38.6.4l5.5 5.4h.1L49.9.4l5.4 5.3L60.9.4l5.5 5.3L72 .4l5.5 5.3L83.1.4l5.4 5.3L94.1.4l5.5 5.4h.2l5.6-5.4 5.5 5.3 5.6-5.3 5.4 5.3 5.6-5.3 5.5 5.3 5.6-5.3 5.5 5.4h.2l5.6-5.4 5.4 5.3L161 .4l5.4 5.3L172 .4l5.5 5.3 5.6-5.3 5.4 5.3 5.7-5.3 5.4 5.4h.2l5.6-5.4 5.5 5.3 5.6-5.3 5.5 5.3 5.6-5.3 5.4 5.3 5.6-5.3 5.5 5.4h.2l5.6-5.4 5.5 5.3L261 .4l5.4 5.3L272 .4l5.5 5.3 5.6-5.3 5.5 5.3 5.6-5.3 5.5 5.4h.1l5.7-5.4 5.4 5.3 5.6-5.3 5.5 5.3 5.6-5.3 5.4 5.3 5.7-5.3 5.4 5.4h.2l5.6-5.4 5.5 5.3L361 .4l5.5 5.3 5.6-5.3 5.4 5.3 5.6-5.3 5.5 5.3 5.6-5.3 5.5 5.4h.1l5.7-5.4 5.4 5.3 5.6-5.3 5.5 5.3 5.6-5.3 5.5 5.3 5.6-5.3 5.5 5.4h.1l5.6-5.4 5.5 5.3L461 .4l5.5 5.3 5.6-5.3 5.4 5.3 5.7-5.3 5.4 5.3 5.6-5.3 5.5 5.4h.2l5.6-5.4 5.5 5.3 5.6-5.3 5.4 5.3 5.6-5.3 5.5 5.3 5.6-5.3 5.5 5.4h.1L550 .4l5.4 5.3L561 .4l5.5 5.3 5.6-5.3 5.5 5.3 5.6-5.3 5.4 5.3 5.6-5.3 5.5 5.4h.2l5.6-5.4 5.5 5.3 5.6-5.3 5.4 5.3 5.7-5.3 5.4 5.3 5.6-5.3 5.5 5.4h.2L650 .4l5.5 5.3 5.6-5.3 5.4 5.3 5.6-5.3 5.5 5.3 5.6-5.3 5.5 5.3 5.6-5.3 5.4 5.4h.2l5.6-5.4 5.5 5.3 5.6-5.3 5.5 5.3 5.6-5.3 5.4 5.3 5.6-5.3 5.5 5.4h.2L750 .4l5.5 5.3 5.6-5.3 5.4 5.3 5.7-5.3 5.4 5.3 5.6-5.3 5.5 5.3 5.6-5.3 5.5 5.4h.1l5.7-5.4 5.4 5.3 5.6-5.3 5.5 5.3 5.6-5.3 5.5 5.3 5.6-5.3 5.4 5.4h.2L850 .4l5.5 5.3 5.6-5.3 5.5 5.3 5.6-5.3 5.4 5.3 5.6-5.3 5.5 5.3 5.6-5.3 5.5 5.4h.2l5.6-5.4 5.4 5.3 5.7-5.3 5.4 5.3 5.6-5.3 5.5 5.3 5.6-5.3 5.5 5.4h.1l5.7-5.4 5.4 5.3 5.6-5.3 5.5 5.3 5.6-5.3 5.5 5.3 5.6-5.3 5.4 5.3 5.6-5.3 5.5 5.4h.2l5.6-5.4 5.5 5.3 5.6-5.3 5.4 5.3 5.6-5.3 5.5 5.3 5.6-5.3 5.5 5.4h.2l5.6-5.4 5.4 5.3 5.7-5.3 5.4 5.3 5.6-5.3 5.5 5.3 5.6-5.3 5.5 5.3 5.6-5.3 5.4 5.4h.2l5.6-5.4 5.5 5.3 5.6-5.3 5.5 5.3 5.6-5.3 5.4 5.3 5.6-5.3 5.5 5.4h.2l5.6-5.4 5.5 5.3 5.6-5.3 5.4 5.3 5.6-5.3 5.5 5.3 5.6-5.3 5.5 5.3 5.6-5.3 5.5 5.4h.1l5.7-5.4 5.4 5.3 5.6-5.3 5.5 5.3 5.6-5.3 5.5 5.3 5.6-5.3 5.4 5.4h.2l5.6-5.4 5.5 5.3 5.6-5.3 5.5 5.3 5.6-5.3 5.4 5.3 5.6-5.3 5.5 5.3 5.6-5.3 5.5 5.4h.2l5.6-5.4 5.4 5.3 5.6-5.3 5.5 5.3 5.6-5.3 5.5 5.3 5.6-5.3 5.5 5.4h.1l5.7-5.4 5.4 5.3 5.6-5.3 5.5 5.3 5.6-5.3 5.5 5.3 5.6-5.3 5.4 5.3 5.6-5.3 5.5 5.4h.2l5.6-5.4 5.5 5.3 5.6-5.3 5.4 5.3 5.6-5.3 5.5 5.3 5.6-5.3 5.5 5.4h.2l5.6-5.4 5.4 5.3 5.6-5.3 5.5 5.3 5.6-5.3 5.5 5.3 5.6-5.3 5.4 5.3 5.7-5.3 5.4 5.4h.2l5.6-5.4 5.5 5.3 5.6-5.3 5.5 5.3 5.6-5.3 5.4 5.3 5.6-5.3 5.5 5.4h.2l5.6-5.4 5.5 5.3 5.6-5.3 5.4 5.3 5.6-5.3 5.5 5.3 5.6-5.3 5.5 5.3 5.6-5.3 5.5 5.4h.1l5.6-5.4 5.5 5.3 5.6-5.3 5.5 5.3 5.6-5.3 5.4 5.3 5.7-5.3 5.4 5.4h.2l5.6-5.4 5.5 5.3 5.6-5.3 5.5 5.3 5.6-5.3 5.4 5.3 5.6-5.3 5.5 5.3 5.6-5.3 5.5 5.4h.1l5.7-5.4 5.4 5.3 5.6-5.3 5.5 5.3 5.6-5.3 5.5 5.3 5.6-5.3 5.5 5.4h.1l5.6-5.4 5.5 5.3 5.6-5.3 5.5 5.3 5.6-5.3 5.4 5.3 5.7-5.3 5.4 5.3 5.6-5.3 5.5 5.4V0H-.2v5.8z\"\/>\n<\/svg>\n\t\t<\/div>\n\t\t\t\t<div class=\"elementor-element elementor-element-2ca23fcf elementor-widget elementor-widget-heading\" data-id=\"2ca23fcf\" data-element_type=\"widget\" data-widget_type=\"heading.default\">\n\t\t\t\t<div class=\"elementor-widget-container\">\n\t\t\t\t\t<h3 class=\"elementor-heading-title elementor-size-default\">WTOREK<\/h3>\t\t\t\t<\/div>\n\t\t\t\t<\/div>\n\t\t\t\t<\/div>\n\t\t<div class=\"elementor-element elementor-element-72aae292 e-con-full e-flex e-con e-child\" data-id=\"72aae292\" data-element_type=\"container\">\n\t\t\t\t<div class=\"elementor-element elementor-element-14e9aace elementor-widget elementor-widget-heading\" data-id=\"14e9aace\" data-element_type=\"widget\" data-widget_type=\"heading.default\">\n\t\t\t\t<div class=\"elementor-widget-container\">\n\t\t\t\t\t<h1 class=\"elementor-heading-title elementor-size-default\">17:00 - 18:00<\/h1>\t\t\t\t<\/div>\n\t\t\t\t<\/div>\n\t\t\t\t<\/div>\n\t\t<div class=\"elementor-element elementor-element-486048d4 e-con-full e-flex e-con e-child\" data-id=\"486048d4\" data-element_type=\"container\" data-settings=\"{&quot;background_background&quot;:&quot;classic&quot;}\">\n\t\t\t\t<\/div>\n\t\t\t\t<\/div>\n\t\t<div class=\"elementor-element elementor-element-4fead642 e-con-full e-flex e-con e-child\" data-id=\"4fead642\" data-element_type=\"container\">\n\t\t<div class=\"elementor-element elementor-element-457db29f e-con-full e-flex e-con e-child\" data-id=\"457db29f\" data-element_type=\"container\" data-settings=\"{&quot;background_background&quot;:&quot;classic&quot;,&quot;shape_divider_bottom&quot;:&quot;zigzag&quot;}\">\n\t\t\t\t<div class=\"elementor-shape elementor-shape-bottom\" aria-hidden=\"true\" data-negative=\"false\">\n\t\t\t<svg xmlns=\"http:\/\/www.w3.org\/2000\/svg\" viewBox=\"0 0 1800 5.8\" preserveAspectRatio=\"none\">\n  <path class=\"elementor-shape-fill\" d=\"M5.4.4l5.4 5.3L16.5.4l5.4 5.3L27.5.4 33 5.7 38.6.4l5.5 5.4h.1L49.9.4l5.4 5.3L60.9.4l5.5 5.3L72 .4l5.5 5.3L83.1.4l5.4 5.3L94.1.4l5.5 5.4h.2l5.6-5.4 5.5 5.3 5.6-5.3 5.4 5.3 5.6-5.3 5.5 5.3 5.6-5.3 5.5 5.4h.2l5.6-5.4 5.4 5.3L161 .4l5.4 5.3L172 .4l5.5 5.3 5.6-5.3 5.4 5.3 5.7-5.3 5.4 5.4h.2l5.6-5.4 5.5 5.3 5.6-5.3 5.5 5.3 5.6-5.3 5.4 5.3 5.6-5.3 5.5 5.4h.2l5.6-5.4 5.5 5.3L261 .4l5.4 5.3L272 .4l5.5 5.3 5.6-5.3 5.5 5.3 5.6-5.3 5.5 5.4h.1l5.7-5.4 5.4 5.3 5.6-5.3 5.5 5.3 5.6-5.3 5.4 5.3 5.7-5.3 5.4 5.4h.2l5.6-5.4 5.5 5.3L361 .4l5.5 5.3 5.6-5.3 5.4 5.3 5.6-5.3 5.5 5.3 5.6-5.3 5.5 5.4h.1l5.7-5.4 5.4 5.3 5.6-5.3 5.5 5.3 5.6-5.3 5.5 5.3 5.6-5.3 5.5 5.4h.1l5.6-5.4 5.5 5.3L461 .4l5.5 5.3 5.6-5.3 5.4 5.3 5.7-5.3 5.4 5.3 5.6-5.3 5.5 5.4h.2l5.6-5.4 5.5 5.3 5.6-5.3 5.4 5.3 5.6-5.3 5.5 5.3 5.6-5.3 5.5 5.4h.1L550 .4l5.4 5.3L561 .4l5.5 5.3 5.6-5.3 5.5 5.3 5.6-5.3 5.4 5.3 5.6-5.3 5.5 5.4h.2l5.6-5.4 5.5 5.3 5.6-5.3 5.4 5.3 5.7-5.3 5.4 5.3 5.6-5.3 5.5 5.4h.2L650 .4l5.5 5.3 5.6-5.3 5.4 5.3 5.6-5.3 5.5 5.3 5.6-5.3 5.5 5.3 5.6-5.3 5.4 5.4h.2l5.6-5.4 5.5 5.3 5.6-5.3 5.5 5.3 5.6-5.3 5.4 5.3 5.6-5.3 5.5 5.4h.2L750 .4l5.5 5.3 5.6-5.3 5.4 5.3 5.7-5.3 5.4 5.3 5.6-5.3 5.5 5.3 5.6-5.3 5.5 5.4h.1l5.7-5.4 5.4 5.3 5.6-5.3 5.5 5.3 5.6-5.3 5.5 5.3 5.6-5.3 5.4 5.4h.2L850 .4l5.5 5.3 5.6-5.3 5.5 5.3 5.6-5.3 5.4 5.3 5.6-5.3 5.5 5.3 5.6-5.3 5.5 5.4h.2l5.6-5.4 5.4 5.3 5.7-5.3 5.4 5.3 5.6-5.3 5.5 5.3 5.6-5.3 5.5 5.4h.1l5.7-5.4 5.4 5.3 5.6-5.3 5.5 5.3 5.6-5.3 5.5 5.3 5.6-5.3 5.4 5.3 5.6-5.3 5.5 5.4h.2l5.6-5.4 5.5 5.3 5.6-5.3 5.4 5.3 5.6-5.3 5.5 5.3 5.6-5.3 5.5 5.4h.2l5.6-5.4 5.4 5.3 5.7-5.3 5.4 5.3 5.6-5.3 5.5 5.3 5.6-5.3 5.5 5.3 5.6-5.3 5.4 5.4h.2l5.6-5.4 5.5 5.3 5.6-5.3 5.5 5.3 5.6-5.3 5.4 5.3 5.6-5.3 5.5 5.4h.2l5.6-5.4 5.5 5.3 5.6-5.3 5.4 5.3 5.6-5.3 5.5 5.3 5.6-5.3 5.5 5.3 5.6-5.3 5.5 5.4h.1l5.7-5.4 5.4 5.3 5.6-5.3 5.5 5.3 5.6-5.3 5.5 5.3 5.6-5.3 5.4 5.4h.2l5.6-5.4 5.5 5.3 5.6-5.3 5.5 5.3 5.6-5.3 5.4 5.3 5.6-5.3 5.5 5.3 5.6-5.3 5.5 5.4h.2l5.6-5.4 5.4 5.3 5.6-5.3 5.5 5.3 5.6-5.3 5.5 5.3 5.6-5.3 5.5 5.4h.1l5.7-5.4 5.4 5.3 5.6-5.3 5.5 5.3 5.6-5.3 5.5 5.3 5.6-5.3 5.4 5.3 5.6-5.3 5.5 5.4h.2l5.6-5.4 5.5 5.3 5.6-5.3 5.4 5.3 5.6-5.3 5.5 5.3 5.6-5.3 5.5 5.4h.2l5.6-5.4 5.4 5.3 5.6-5.3 5.5 5.3 5.6-5.3 5.5 5.3 5.6-5.3 5.4 5.3 5.7-5.3 5.4 5.4h.2l5.6-5.4 5.5 5.3 5.6-5.3 5.5 5.3 5.6-5.3 5.4 5.3 5.6-5.3 5.5 5.4h.2l5.6-5.4 5.5 5.3 5.6-5.3 5.4 5.3 5.6-5.3 5.5 5.3 5.6-5.3 5.5 5.3 5.6-5.3 5.5 5.4h.1l5.6-5.4 5.5 5.3 5.6-5.3 5.5 5.3 5.6-5.3 5.4 5.3 5.7-5.3 5.4 5.4h.2l5.6-5.4 5.5 5.3 5.6-5.3 5.5 5.3 5.6-5.3 5.4 5.3 5.6-5.3 5.5 5.3 5.6-5.3 5.5 5.4h.1l5.7-5.4 5.4 5.3 5.6-5.3 5.5 5.3 5.6-5.3 5.5 5.3 5.6-5.3 5.5 5.4h.1l5.6-5.4 5.5 5.3 5.6-5.3 5.5 5.3 5.6-5.3 5.4 5.3 5.7-5.3 5.4 5.3 5.6-5.3 5.5 5.4V0H-.2v5.8z\"\/>\n<\/svg>\n\t\t<\/div>\n\t\t\t\t<div class=\"elementor-element elementor-element-3555f7ba elementor-widget elementor-widget-heading\" data-id=\"3555f7ba\" data-element_type=\"widget\" data-widget_type=\"heading.default\">\n\t\t\t\t<div class=\"elementor-widget-container\">\n\t\t\t\t\t<h3 class=\"elementor-heading-title elementor-size-default\">CZWARTEK<\/h3>\t\t\t\t<\/div>\n\t\t\t\t<\/div>\n\t\t\t\t<\/div>\n\t\t<div class=\"elementor-element elementor-element-5f8578a9 e-con-full e-flex e-con e-child\" data-id=\"5f8578a9\" data-element_type=\"container\">\n\t\t\t\t<div class=\"elementor-element elementor-element-245949d elementor-widget elementor-widget-heading\" data-id=\"245949d\" data-element_type=\"widget\" data-widget_type=\"heading.default\">\n\t\t\t\t<div class=\"elementor-widget-container\">\n\t\t\t\t\t<h1 class=\"elementor-heading-title elementor-size-default\">17:00 - 18:00<\/h1>\t\t\t\t<\/div>\n\t\t\t\t<\/div>\n\t\t\t\t<\/div>\n\t\t<div class=\"elementor-element elementor-element-7e99d3ab e-con-full e-flex e-con e-child\" data-id=\"7e99d3ab\" data-element_type=\"container\" data-settings=\"{&quot;background_background&quot;:&quot;classic&quot;}\">\n\t\t\t\t<\/div>\n\t\t\t\t<\/div>\n\t\t<div class=\"elementor-element elementor-element-79259454 e-con-full e-flex e-con e-child\" data-id=\"79259454\" data-element_type=\"container\">\n\t\t\t\t<\/div>\n\t\t\t\t\t<\/div>\n\t\t\t\t<\/div>\n\t\t<div class=\"elementor-element elementor-element-04d5745 e-flex e-con-boxed e-con e-parent\" data-id=\"04d5745\" data-element_type=\"container\">\n\t\t\t\t\t<div class=\"e-con-inner\">\n\t\t\t\t<div class=\"elementor-element elementor-element-46e5233 elementor-widget elementor-widget-heading\" data-id=\"46e5233\" data-element_type=\"widget\" data-widget_type=\"heading.default\">\n\t\t\t\t<div class=\"elementor-widget-container\">\n\t\t\t\t\t<h2 class=\"elementor-heading-title elementor-size-default\">Wydarzenia Rocznika 2018<\/h2>\t\t\t\t<\/div>\n\t\t\t\t<\/div>\n\t\t\t\t<div class=\"elementor-element elementor-element-03a7868 elementor-widget elementor-widget-elementskit-blog-posts\" data-id=\"03a7868\" data-element_type=\"widget\" data-widget_type=\"elementskit-blog-posts.default\">\n\t\t\t\t<div class=\"elementor-widget-container\">\n\t\t\t\t\t<div class=\"ekit-wid-con\" >        <div id=\"post-items--03a7868\" class=\"row post-items\">\n                    <div class=\"col-lg-4 col-md-6\">\n\n                                    <div class=\"elementskit-post-image-card\">\n                        <div class=\"elementskit-entry-header\">\n                                                            <a href=\"https:\/\/sptargowek.pl\/index.php\/2026\/01\/12\/trenujemy_na_nowoczesnym_obiekcie_arthouse_kolowa\/\" class=\"elementskit-entry-thumb\">\n                                    <img decoding=\"async\" src=\"https:\/\/sptargowek.pl\/wp-content\/uploads\/2026\/01\/584510315_1168876298725682_8835681648803027262_n-1024x682.jpg\" alt=\"Trenujemy na nowoczesnym obiekcie Arthouse Ko\u0142owa \ud83c\udfdf\ufe0f\">\n                                <\/a><!-- .elementskit-entry-thumb END -->\n                                                            \n                            \n\t\t\t\t\t\t\t\t\t\t\t\t\t<\/div><!-- .elementskit-entry-header END -->\n\n\t\t\t\t\t\t<div class=\"elementskit-post-body \">\n\t\t\t\t\t\t\t\n\t\t\t\t\t\t\t\t\t\t\t\t\t\t\t\t\t\t\t\t\t\t\t\t\t\t\t\t\t\t\n\t\t\t\t\t\t\t\t\n\t\t\t\t\t\t\t\t\t\t\t\t\t\t\t\t\t\t\t\t\t<h2 class=\"entry-title\">\n\t\t\t\t\t<a href=\"https:\/\/sptargowek.pl\/index.php\/2026\/01\/12\/trenujemy_na_nowoczesnym_obiekcie_arthouse_kolowa\/\">\n\t\t\t\t\t\tTrenujemy na nowoczesnym obiekcie Arthouse Ko\u0142owa \ud83c\udfdf\ufe0f\t\t\t\t\t<\/a>\n\t\t\t\t<\/h2>\n\t\t\t\t\t\t\t\t\t\t\t\t\t\t\t\t\t\t\t\t\t\t\t\t\t\t\t\t\t\t\t\t\t\t\t\t\t\t\t\t\t\t<p>Od listopada 2025 roku wszystkie dru\u017cyny naszej szk\u00f3\u0142ki trenuj\u0105 na nowoczesnym obiekcie Arthouse Ko\u0142owa, kt\u00f3ry zosta\u0142 oddany do u\u017cytku w\u0142a\u015bnie&hellip;<\/p>\n\t\t\t\t\t\t\t\t\t\t\t\t\t\t\t\t\t\t\t\t\t\t                                                            <div class=\"btn-wraper\">\n                                    \n                                                                            <a class=\"elementskit-btn whitespace--normal\" id=\"\" href=\"https:\/\/sptargowek.pl\/index.php\/2026\/01\/12\/trenujemy_na_nowoczesnym_obiekcie_arthouse_kolowa\/\">\n                                        \t                                            Czytaj dalej                                        <\/a>\n                                                                    <\/div>\n                                                    <\/div><!-- .elementskit-post-body END -->\n                    <\/div>\n                \n            <\/div>\n                    <div class=\"col-lg-4 col-md-6\">\n\n                                    <div class=\"elementskit-post-image-card\">\n                        <div class=\"elementskit-entry-header\">\n                                                            <a href=\"https:\/\/sptargowek.pl\/index.php\/2025\/07\/16\/nabor-uzupelniajacy-do-rocznikow-2018-i-2017-dolacz-do-sp-targowek\/\" class=\"elementskit-entry-thumb\">\n                                    <img decoding=\"async\" src=\"https:\/\/sptargowek.pl\/wp-content\/uploads\/2025\/07\/smal_uzupelniajacy-1024x737.png\" alt=\"Nab\u00f3r uzupe\u0142niaj\u0105cy do rocznik\u00f3w 2018 i 2017 \u2013 do\u0142\u0105cz do SP Targ\u00f3wek! \u26bd\">\n                                <\/a><!-- .elementskit-entry-thumb END -->\n                                                            \n                            \n\t\t\t\t\t\t\t\t\t\t\t\t\t<\/div><!-- .elementskit-entry-header END -->\n\n\t\t\t\t\t\t<div class=\"elementskit-post-body \">\n\t\t\t\t\t\t\t\n\t\t\t\t\t\t\t\t\t\t\t\t\t\t\t\t\t\t\t\t\t\t\t\t\t\t\t\t\t\t\n\t\t\t\t\t\t\t\t\n\t\t\t\t\t\t\t\t\t\t\t\t\t\t\t\t\t\t\t\t\t<h2 class=\"entry-title\">\n\t\t\t\t\t<a href=\"https:\/\/sptargowek.pl\/index.php\/2025\/07\/16\/nabor-uzupelniajacy-do-rocznikow-2018-i-2017-dolacz-do-sp-targowek\/\">\n\t\t\t\t\t\tNab\u00f3r uzupe\u0142niaj\u0105cy do rocznik\u00f3w 2018 i 2017 \u2013 do\u0142\u0105cz do SP Targ\u00f3wek! \u26bd\t\t\t\t\t<\/a>\n\t\t\t\t<\/h2>\n\t\t\t\t\t\t\t\t\t\t\t\t\t\t\t\t\t\t\t\t\t\t\t\t\t\t\t\t\t\t\t\t\t\t\t\t\t\t\t\t\t\t<p>Szk\u00f3\u0142ka Pi\u0142karska Targ\u00f3wek og\u0142asza nab\u00f3r uzupe\u0142niaj\u0105cy do grup treningowych rocznik\u00f3w 2018 i 2017! Je\u015bli Twoje dziecko uwielbia ruch, zabaw\u0119 i&hellip;<\/p>\n\t\t\t\t\t\t\t\t\t\t\t\t\t\t\t\t\t\t\t\t\t\t                                                            <div class=\"btn-wraper\">\n                                    \n                                                                            <a class=\"elementskit-btn whitespace--normal\" id=\"\" href=\"https:\/\/sptargowek.pl\/index.php\/2025\/07\/16\/nabor-uzupelniajacy-do-rocznikow-2018-i-2017-dolacz-do-sp-targowek\/\">\n                                        \t                                            Czytaj dalej                                        <\/a>\n                                                                    <\/div>\n                                                    <\/div><!-- .elementskit-post-body END -->\n                    <\/div>\n                \n            <\/div>\n                <\/div>\n       <\/div>\t\t\t\t<\/div>\n\t\t\t\t<\/div>\n\t\t\t\t\t<\/div>\n\t\t\t\t<\/div>\n\t\t\t\t<\/div>\n\t\t","protected":false},"excerpt":{"rendered":"<p>Rocznik 2018 Rocznik 2018 to dru\u017cyna pe\u0142na energii i dzieci\u0119cego entuzjazmu, kt\u00f3ra z ka\u017cdym treningiem coraz pewniej porusza si\u0119 po boisku. Siedmioletni zawodnicy maj\u0105 ju\u017c za sob\u0105 pierwsze pi\u0142karskie kroki i z rado\u015bci\u0105 rozwijaj\u0105 swoje umiej\u0119tno\u015bci pod czujnym okiem trenera Tomasza Szygendy. Zaj\u0119cia prowadzone s\u0105 w atmosferze zabawy i wsparcia, co pozwala dzieciom budowa\u0107 solidne [&hellip;]<\/p>\n","protected":false},"author":1,"featured_media":0,"parent":0,"menu_order":0,"comment_status":"closed","ping_status":"closed","template":"","meta":{"footnotes":""},"class_list":["post-195","page","type-page","status-publish","hentry"],"rttpg_featured_image_url":null,"rttpg_author":{"display_name":"Mateusz","author_link":"https:\/\/sptargowek.pl\/author\/admin\/"},"rttpg_comment":0,"rttpg_category":"","rttpg_excerpt":"Rocznik 2018 Rocznik 2018 to dru\u017cyna pe\u0142na energii i dzieci\u0119cego entuzjazmu, kt\u00f3ra z ka\u017cdym treningiem coraz pewniej porusza si\u0119 po boisku. Siedmioletni zawodnicy maj\u0105 ju\u017c za sob\u0105 pierwsze pi\u0142karskie kroki i z rado\u015bci\u0105 rozwijaj\u0105 swoje umiej\u0119tno\u015bci pod czujnym okiem trenera Tomasza Szygendy. Zaj\u0119cia prowadzone s\u0105 w atmosferze zabawy i wsparcia, co pozwala dzieciom budowa\u0107 solidne&hellip;","_links":{"self":[{"href":"https:\/\/sptargowek.pl\/index.php\/wp-json\/wp\/v2\/pages\/195","targetHints":{"allow":["GET"]}}],"collection":[{"href":"https:\/\/sptargowek.pl\/index.php\/wp-json\/wp\/v2\/pages"}],"about":[{"href":"https:\/\/sptargowek.pl\/index.php\/wp-json\/wp\/v2\/types\/page"}],"author":[{"embeddable":true,"href":"https:\/\/sptargowek.pl\/index.php\/wp-json\/wp\/v2\/users\/1"}],"replies":[{"embeddable":true,"href":"https:\/\/sptargowek.pl\/index.php\/wp-json\/wp\/v2\/comments?post=195"}],"version-history":[{"count":16,"href":"https:\/\/sptargowek.pl\/index.php\/wp-json\/wp\/v2\/pages\/195\/revisions"}],"predecessor-version":[{"id":1417,"href":"https:\/\/sptargowek.pl\/index.php\/wp-json\/wp\/v2\/pages\/195\/revisions\/1417"}],"wp:attachment":[{"href":"https:\/\/sptargowek.pl\/index.php\/wp-json\/wp\/v2\/media?parent=195"}],"curies":[{"name":"wp","href":"https:\/\/api.w.org\/{rel}","templated":true}]}}