{"id":17,"date":"2024-07-19T11:31:08","date_gmt":"2024-07-19T09:31:08","guid":{"rendered":"https:\/\/wordpress2422751.home.pl\/autoinstalator\/wordpressplus12\/?page_id=17"},"modified":"2024-07-25T18:20:54","modified_gmt":"2024-07-25T16:20:54","slug":"aktualnosci","status":"publish","type":"page","link":"https:\/\/sptargowek.pl\/index.php\/aktualnosci\/","title":{"rendered":"Aktualno\u015bci"},"content":{"rendered":"\t\t<div data-elementor-type=\"wp-page\" data-elementor-id=\"17\" class=\"elementor elementor-17\" data-elementor-post-type=\"page\">\n\t\t\t\t<div class=\"elementor-element elementor-element-e24de01 e-flex e-con-boxed e-con e-parent\" data-id=\"e24de01\" data-element_type=\"container\" data-settings=\"{&quot;background_background&quot;:&quot;classic&quot;}\">\n\t\t\t\t\t<div class=\"e-con-inner\">\n\t\t\t\t<div class=\"elementor-element elementor-element-4503342 elementor-widget elementor-widget-heading\" data-id=\"4503342\" data-element_type=\"widget\" data-widget_type=\"heading.default\">\n\t\t\t\t<div class=\"elementor-widget-container\">\n\t\t\t\t\t<h1 class=\"elementor-heading-title elementor-size-default\">Aktualno\u015bci<\/h1>\t\t\t\t<\/div>\n\t\t\t\t<\/div>\n\t\t\t\t\t<\/div>\n\t\t\t\t<\/div>\n\t\t<div class=\"elementor-element elementor-element-45fd5f1 e-flex e-con-boxed e-con e-parent\" data-id=\"45fd5f1\" data-element_type=\"container\">\n\t\t\t\t\t<div class=\"e-con-inner\">\n\t\t\t\t<div class=\"elementor-element elementor-element-be92b40 elementor-widget elementor-widget-eael-facebook-feed\" data-id=\"be92b40\" data-element_type=\"widget\" data-widget_type=\"eael-facebook-feed.default\">\n\t\t\t\t<div class=\"elementor-widget-container\">\n\t\t\t\t\t        <div class=\"eael-facebook-feed eael-col-3 eael-facebook-feed-card\" id=\"eael-facebook-feed-be92b40\">\n                    <\/div>\n        <div class=\"clearfix\"><\/div>\n        \t\t\t\t<\/div>\n\t\t\t\t<\/div>\n\t\t\t\t<div class=\"elementor-element elementor-element-6f4e145 section-title-style-style1 title_position_default title_hover_border_default title-default img_hover_animation_default readmore-btn-default-style grid-hover-overlay-type-always tpg-el-box-border-enable tpg-border-bottom-disable elementor-widget elementor-widget-tpg-list-layout\" data-id=\"6f4e145\" data-element_type=\"widget\" data-widget_type=\"tpg-list-layout.default\">\n\t\t\t\t<div class=\"elementor-widget-container\">\n\t\t\t\t\t\n        <div class=\"rt-container-fluid rt-tpg-container tpg-el-main-wrapper list-layout1-main \"\n             data-sc-id=\"elementor\"\n             id=\"rt-tpg-container-15523085\"\n             data-layout=\"list-layout1\"\n             data-grid-style=\"tpg-even\"\n             data-el-settings=''\n             data-el-query=''\n             data-el-path=''\n        >\n\t\t\t            <div class='tpg-header-wrapper '>\n\t\t\t\t\n        <div class=\"tpg-widget-heading-wrapper rt-clear heading-style1 \">\n            <span class=\"tpg-widget-heading-line line-left\"><\/span>\n\t\t\t<h2 class='tpg-widget-heading'>\n\t\t\t\n\t\t\t\t                    <span>\n\t\t\t\t\t\tWszystkie wpisy\t\t\t\t\t<\/span>\n\t\t\t\t\t\n\t\t\t\t\t\t\t<\/h2>            <span class=\"tpg-widget-heading-line line-right\"><\/span>\n\n\t\t\t\n        <\/div>\n\n\t\t\n\t\t            <\/div>\n\n            <div data-title=\"Loading ...\" class=\"rt-row rt-content-loader list-layout1 tpg-even list-behaviour list-layout-wrapper\">\n\t\t\t\t\n<div class=\"rt-col-md-12 rt-col-sm-12 rt-col-xs-12 default rt-list-item rt-grid-item\" data-id=\"1518\">\n\t<div class=\"rt-holder tpg-post-holder \">\n\t\t<div class=\"rt-detail rt-el-content-wrapper\">\n\t\t\t\t\t\t\t<div class=\"rt-img-holder tpg-el-image-wrap has-thumbnail\">\n\t\t\t\t\t<a data-id=\"1518\" href=\"https:\/\/sptargowek.pl\/index.php\/2026\/01\/12\/trenujemy_na_nowoczesnym_obiekcie_arthouse_kolowa\/\" class=\"tpg-post-link\" target=\"_self\">                        <img fetchpriority=\"high\" decoding=\"async\" src=\"https:\/\/sptargowek.pl\/wp-content\/uploads\/2026\/01\/584510315_1168876298725682_8835681648803027262_n-768x511.jpg\"\n                             class=\"rt-img-responsive\"\n                             width=\"768\"\n                             height=\"511\"\n                             alt=\"Trenujemy na nowoczesnym obiekcie Arthouse Ko\u0142owa \ud83c\udfdf\ufe0f\">\n\t\t\t\t\t\t\n\t\t\t\t\t\t\t\n\t\t<\/a>\n\t\t        <div class=\"overlay grid-hover-content\"><\/div>\n\t\t\t\t\t\t<\/div>\n\t\t\t\n\t\t\t<div class=\"post-right-content\">\n\t\t\t\t<div class=\"entry-title-wrapper\"><h3 class=\"entry-title\"><a data-id=\"1518\" href=\"https:\/\/sptargowek.pl\/index.php\/2026\/01\/12\/trenujemy_na_nowoczesnym_obiekcie_arthouse_kolowa\/\" class=\"tpg-post-link\" target=\"_self\">Trenujemy na nowoczesnym obiekcie Arthouse Ko\u0142owa \ud83c\udfdf\ufe0f<\/a><\/h3><\/div>\n\t\t\t\t\n\t\t\t\t\t\t\t\t\t<div class=\"tpg-excerpt tpg-el-excerpt\">\n\t\t\t\t\t\t\t\t\t\t\t\t\t<div class=\"tpg-excerpt-inner\">\n\t\t\t\t\t\t\t\tOd listopada 2025 roku wszystkie dru\u017cyny naszej szk\u00f3\u0142ki trenuj\u0105 na nowoczesnym obiekcie Arthouse...\t\t\t\t\t\t\t<\/div>\n\t\t\t\t\t\t\t\t\t\t\t\t\t\t\t\t\t<\/div>\n\t\t\t\t\n\t\t\t\t        <div class=\"post-footer\">\n            <div class=\"post-footer\">\n                <div class=\"read-more\">\n\t\t\t\t\t<a data-id=\"1518\" href=\"https:\/\/sptargowek.pl\/index.php\/2026\/01\/12\/trenujemy_na_nowoczesnym_obiekcie_arthouse_kolowa\/\" class=\"tpg-post-link\" target=\"_self\">Czytaj wi\u0119cej <\/a>                <\/div>\n            <\/div>\n        <\/div>\n\t\t\t\t\t<\/div>\n\t\t<\/div>\n\t<\/div>\n<\/div>\n\n<div class=\"rt-col-md-12 rt-col-sm-12 rt-col-xs-12 default rt-list-item rt-grid-item\" data-id=\"1329\">\n\t<div class=\"rt-holder tpg-post-holder \">\n\t\t<div class=\"rt-detail rt-el-content-wrapper\">\n\t\t\t\t\t\t\t<div class=\"rt-img-holder tpg-el-image-wrap has-thumbnail\">\n\t\t\t\t\t<a data-id=\"1329\" href=\"https:\/\/sptargowek.pl\/index.php\/2025\/07\/16\/nabor-uzupelniajacy-do-rocznikow-2018-i-2017-dolacz-do-sp-targowek\/\" class=\"tpg-post-link\" target=\"_self\">                        <img decoding=\"async\" src=\"https:\/\/sptargowek.pl\/wp-content\/uploads\/2025\/07\/smal_uzupelniajacy-768x553.png\"\n                             class=\"rt-img-responsive\"\n                             width=\"768\"\n                             height=\"553\"\n                             alt=\"Nab\u00f3r uzupe\u0142niaj\u0105cy - 2017 i 2018\">\n\t\t\t\t\t\t\n\t\t\t\t\t\t\t\n\t\t<\/a>\n\t\t        <div class=\"overlay grid-hover-content\"><\/div>\n\t\t\t\t\t\t<\/div>\n\t\t\t\n\t\t\t<div class=\"post-right-content\">\n\t\t\t\t<div class=\"entry-title-wrapper\"><h3 class=\"entry-title\"><a data-id=\"1329\" href=\"https:\/\/sptargowek.pl\/index.php\/2025\/07\/16\/nabor-uzupelniajacy-do-rocznikow-2018-i-2017-dolacz-do-sp-targowek\/\" class=\"tpg-post-link\" target=\"_self\">Nab\u00f3r uzupe\u0142niaj\u0105cy do rocznik\u00f3w 2018 i 2017 \u2013 do\u0142\u0105cz do SP Targ\u00f3wek! \u26bd<\/a><\/h3><\/div>\n\t\t\t\t\n\t\t\t\t\t\t\t\t\t<div class=\"tpg-excerpt tpg-el-excerpt\">\n\t\t\t\t\t\t\t\t\t\t\t\t\t<div class=\"tpg-excerpt-inner\">\n\t\t\t\t\t\t\t\tSzk\u00f3\u0142ka Pi\u0142karska Targ\u00f3wek og\u0142asza nab\u00f3r uzupe\u0142niaj\u0105cy do grup treningowych rocznik\u00f3w 2018 i 2017!...\t\t\t\t\t\t\t<\/div>\n\t\t\t\t\t\t\t\t\t\t\t\t\t\t\t\t\t<\/div>\n\t\t\t\t\n\t\t\t\t        <div class=\"post-footer\">\n            <div class=\"post-footer\">\n                <div class=\"read-more\">\n\t\t\t\t\t<a data-id=\"1329\" href=\"https:\/\/sptargowek.pl\/index.php\/2025\/07\/16\/nabor-uzupelniajacy-do-rocznikow-2018-i-2017-dolacz-do-sp-targowek\/\" class=\"tpg-post-link\" target=\"_self\">Czytaj wi\u0119cej <\/a>                <\/div>\n            <\/div>\n        <\/div>\n\t\t\t\t\t<\/div>\n\t\t<\/div>\n\t<\/div>\n<\/div>\n\n<div class=\"rt-col-md-12 rt-col-sm-12 rt-col-xs-12 default rt-list-item rt-grid-item\" data-id=\"1301\">\n\t<div class=\"rt-holder tpg-post-holder \">\n\t\t<div class=\"rt-detail rt-el-content-wrapper\">\n\t\t\t\t\t\t\t<div class=\"rt-img-holder tpg-el-image-wrap has-thumbnail\">\n\t\t\t\t\t<a data-id=\"1301\" href=\"https:\/\/sptargowek.pl\/index.php\/2025\/07\/14\/nowy-nabor-do-rocznika-2019-2020-dolacz-do-szkolki-pilkarskiej-targowek\/\" class=\"tpg-post-link\" target=\"_self\">                        <img decoding=\"async\" src=\"https:\/\/sptargowek.pl\/wp-content\/uploads\/2025\/07\/Nabor20192020-768x577.png\"\n                             class=\"rt-img-responsive\"\n                             width=\"768\"\n                             height=\"577\"\n                             alt=\"Nabor Szk\u00f3\u0142ka Pi\u0142karska - 2019\/2020 Targ\u00f3wek Pi\u0142ka No\u017cna\">\n\t\t\t\t\t\t\n\t\t\t\t\t\t\t\n\t\t<\/a>\n\t\t        <div class=\"overlay grid-hover-content\"><\/div>\n\t\t\t\t\t\t<\/div>\n\t\t\t\n\t\t\t<div class=\"post-right-content\">\n\t\t\t\t<div class=\"entry-title-wrapper\"><h3 class=\"entry-title\"><a data-id=\"1301\" href=\"https:\/\/sptargowek.pl\/index.php\/2025\/07\/14\/nowy-nabor-do-rocznika-2019-2020-dolacz-do-szkolki-pilkarskiej-targowek\/\" class=\"tpg-post-link\" target=\"_self\">Nowy nab\u00f3r do rocznika 2019\/2020 \u2013 do\u0142\u0105cz do Szk\u00f3\u0142ki Pi\u0142karskiej Targ\u00f3wek!<\/a><\/h3><\/div>\n\t\t\t\t\n\t\t\t\t\t\t\t\t\t<div class=\"tpg-excerpt tpg-el-excerpt\">\n\t\t\t\t\t\t\t\t\t\t\t\t\t<div class=\"tpg-excerpt-inner\">\n\t\t\t\t\t\t\t\tRozpoczynamy nab\u00f3r do nowej grupy rocznika 2019\/2020 w Szk\u00f3\u0142ce Pi\u0142karskiej Targ\u00f3wek!Je\u015bli Twoje...\t\t\t\t\t\t\t<\/div>\n\t\t\t\t\t\t\t\t\t\t\t\t\t\t\t\t\t<\/div>\n\t\t\t\t\n\t\t\t\t        <div class=\"post-footer\">\n            <div class=\"post-footer\">\n                <div class=\"read-more\">\n\t\t\t\t\t<a data-id=\"1301\" href=\"https:\/\/sptargowek.pl\/index.php\/2025\/07\/14\/nowy-nabor-do-rocznika-2019-2020-dolacz-do-szkolki-pilkarskiej-targowek\/\" class=\"tpg-post-link\" target=\"_self\">Czytaj wi\u0119cej <\/a>                <\/div>\n            <\/div>\n        <\/div>\n\t\t\t\t\t<\/div>\n\t\t<\/div>\n\t<\/div>\n<\/div>\n\n<div class=\"rt-col-md-12 rt-col-sm-12 rt-col-xs-12 default rt-list-item rt-grid-item\" data-id=\"166\">\n\t<div class=\"rt-holder tpg-post-holder \">\n\t\t<div class=\"rt-detail rt-el-content-wrapper\">\n\t\t\t\t\t\t\t<div class=\"rt-img-holder tpg-el-image-wrap has-thumbnail\">\n\t\t\t\t\t<a data-id=\"166\" href=\"https:\/\/sptargowek.pl\/index.php\/2024\/07\/20\/turniejowy-weekend-za-nami-nasze-najmlodsze-druzyny-wziely-udzial-w-turniejach-w-radzyminie-i-zielonce\/\" class=\"tpg-post-link\" target=\"_self\">                        <img loading=\"lazy\" decoding=\"async\" src=\"https:\/\/sptargowek.pl\/wp-content\/uploads\/2024\/07\/448082955_1124985765820219_444477001564778639_n-768x576.jpg\"\n                             class=\"rt-img-responsive\"\n                             width=\"768\"\n                             height=\"576\"\n                             alt=\"Turnieje w Radzyminie i Zielonce.\">\n\t\t\t\t\t\t\n\t\t\t\t\t\t\t\n\t\t<\/a>\n\t\t        <div class=\"overlay grid-hover-content\"><\/div>\n\t\t\t\t\t\t<\/div>\n\t\t\t\n\t\t\t<div class=\"post-right-content\">\n\t\t\t\t<div class=\"entry-title-wrapper\"><h3 class=\"entry-title\"><a data-id=\"166\" href=\"https:\/\/sptargowek.pl\/index.php\/2024\/07\/20\/turniejowy-weekend-za-nami-nasze-najmlodsze-druzyny-wziely-udzial-w-turniejach-w-radzyminie-i-zielonce\/\" class=\"tpg-post-link\" target=\"_self\">Turnieje w Radzyminie i Zielonce.<\/a><\/h3><\/div>\n\t\t\t\t\n\t\t\t\t\t\t\t\t\t<div class=\"tpg-excerpt tpg-el-excerpt\">\n\t\t\t\t\t\t\t\t\t\t\t\t\t<div class=\"tpg-excerpt-inner\">\n\t\t\t\t\t\t\t\tTurniejowy weekend za nami. Nasze najm\u0142odsze dru\u017cyny wzi\u0119\u0142y udzia\u0142 w turniejach w Radzyminie i...\t\t\t\t\t\t\t<\/div>\n\t\t\t\t\t\t\t\t\t\t\t\t\t\t\t\t\t<\/div>\n\t\t\t\t\n\t\t\t\t        <div class=\"post-footer\">\n            <div class=\"post-footer\">\n                <div class=\"read-more\">\n\t\t\t\t\t<a data-id=\"166\" href=\"https:\/\/sptargowek.pl\/index.php\/2024\/07\/20\/turniejowy-weekend-za-nami-nasze-najmlodsze-druzyny-wziely-udzial-w-turniejach-w-radzyminie-i-zielonce\/\" class=\"tpg-post-link\" target=\"_self\">Czytaj wi\u0119cej <\/a>                <\/div>\n            <\/div>\n        <\/div>\n\t\t\t\t\t<\/div>\n\t\t<\/div>\n\t<\/div>\n<\/div>\n\n<div class=\"rt-col-md-12 rt-col-sm-12 rt-col-xs-12 default rt-list-item rt-grid-item\" data-id=\"1\">\n\t<div class=\"rt-holder tpg-post-holder \">\n\t\t<div class=\"rt-detail rt-el-content-wrapper\">\n\t\t\t\t\t\t\t<div class=\"rt-img-holder tpg-el-image-wrap has-thumbnail\">\n\t\t\t\t\t<a data-id=\"1\" href=\"https:\/\/sptargowek.pl\/index.php\/2024\/07\/18\/witaj-swiecie\/\" class=\"tpg-post-link\" target=\"_self\">                        <img loading=\"lazy\" decoding=\"async\" src=\"https:\/\/sptargowek.pl\/wp-content\/uploads\/2024\/07\/441204677_1111008337217962_7792196025947298652_n-768x576.jpg\"\n                             class=\"rt-img-responsive\"\n                             width=\"768\"\n                             height=\"576\"\n                             alt=\"Eliminacje do Klubowych Mistrzostw Mazowsza\">\n\t\t\t\t\t\t\n\t\t\t\t\t\t\t\n\t\t<\/a>\n\t\t        <div class=\"overlay grid-hover-content\"><\/div>\n\t\t\t\t\t\t<\/div>\n\t\t\t\n\t\t\t<div class=\"post-right-content\">\n\t\t\t\t<div class=\"entry-title-wrapper\"><h3 class=\"entry-title\"><a data-id=\"1\" href=\"https:\/\/sptargowek.pl\/index.php\/2024\/07\/18\/witaj-swiecie\/\" class=\"tpg-post-link\" target=\"_self\">Eliminacje do Klubowych Mistrzostw Mazowsza<\/a><\/h3><\/div>\n\t\t\t\t\n\t\t\t\t\t\t\t\t\t<div class=\"tpg-excerpt tpg-el-excerpt\">\n\t\t\t\t\t\t\t\t\t\t\t\t\t<div class=\"tpg-excerpt-inner\">\n\t\t\t\t\t\t\t\tW eliminacjach do Klubowych Mistrzostw Mazowsza dla rocznika 2017 wystartowa\u0142a nasza dru\u017cyna...\t\t\t\t\t\t\t<\/div>\n\t\t\t\t\t\t\t\t\t\t\t\t\t\t\t\t\t<\/div>\n\t\t\t\t\n\t\t\t\t        <div class=\"post-footer\">\n            <div class=\"post-footer\">\n                <div class=\"read-more\">\n\t\t\t\t\t<a data-id=\"1\" href=\"https:\/\/sptargowek.pl\/index.php\/2024\/07\/18\/witaj-swiecie\/\" class=\"tpg-post-link\" target=\"_self\">Czytaj wi\u0119cej <\/a>                <\/div>\n            <\/div>\n        <\/div>\n\t\t\t\t\t<\/div>\n\t\t<\/div>\n\t<\/div>\n<\/div>\n            <\/div>\n\n\t\t\t\n        <\/div>\n\t\t\t\t\t\t<\/div>\n\t\t\t\t<\/div>\n\t\t\t\t\t<\/div>\n\t\t\t\t<\/div>\n\t\t\t\t<\/div>\n\t\t","protected":false},"excerpt":{"rendered":"<p>Aktualno\u015bci Wszystkie wpisy Turnieje w Radzyminie i Zielonce. Turniejowy weekend za nami. Nasze najm\u0142odsze dru\u017cyny wzi\u0119\u0142y udzia\u0142 w turniejach w Radzyminie i&#8230; Czytaj wi\u0119cej Eliminacje do Klubowych Mistrzostw Mazowsza W eliminacjach do Klubowych Mistrzostw Mazowsza dla rocznika 2017 wystartowa\u0142a nasza dru\u017cyna&#8230; Czytaj wi\u0119cej<\/p>\n","protected":false},"author":1,"featured_media":0,"parent":0,"menu_order":0,"comment_status":"closed","ping_status":"closed","template":"","meta":{"footnotes":""},"class_list":["post-17","page","type-page","status-publish","hentry"],"rttpg_featured_image_url":null,"rttpg_author":{"display_name":"Mateusz","author_link":"https:\/\/sptargowek.pl\/author\/admin\/"},"rttpg_comment":0,"rttpg_category":"","rttpg_excerpt":"Aktualno\u015bci Wszystkie wpisy Turnieje w Radzyminie i Zielonce. Turniejowy weekend za nami. Nasze najm\u0142odsze dru\u017cyny wzi\u0119\u0142y udzia\u0142 w turniejach w Radzyminie i&#8230; Czytaj wi\u0119cej Eliminacje do Klubowych Mistrzostw Mazowsza W eliminacjach do Klubowych Mistrzostw Mazowsza dla rocznika 2017 wystartowa\u0142a nasza dru\u017cyna&#8230; Czytaj wi\u0119cej","_links":{"self":[{"href":"https:\/\/sptargowek.pl\/index.php\/wp-json\/wp\/v2\/pages\/17","targetHints":{"allow":["GET"]}}],"collection":[{"href":"https:\/\/sptargowek.pl\/index.php\/wp-json\/wp\/v2\/pages"}],"about":[{"href":"https:\/\/sptargowek.pl\/index.php\/wp-json\/wp\/v2\/types\/page"}],"author":[{"embeddable":true,"href":"https:\/\/sptargowek.pl\/index.php\/wp-json\/wp\/v2\/users\/1"}],"replies":[{"embeddable":true,"href":"https:\/\/sptargowek.pl\/index.php\/wp-json\/wp\/v2\/comments?post=17"}],"version-history":[{"count":43,"href":"https:\/\/sptargowek.pl\/index.php\/wp-json\/wp\/v2\/pages\/17\/revisions"}],"predecessor-version":[{"id":977,"href":"https:\/\/sptargowek.pl\/index.php\/wp-json\/wp\/v2\/pages\/17\/revisions\/977"}],"wp:attachment":[{"href":"https:\/\/sptargowek.pl\/index.php\/wp-json\/wp\/v2\/media?parent=17"}],"curies":[{"name":"wp","href":"https:\/\/api.w.org\/{rel}","templated":true}]}}